{"id":953,"date":"2025-07-17T15:17:53","date_gmt":"2025-07-17T15:17:53","guid":{"rendered":"https:\/\/airiaprive.com\/?page_id=953"},"modified":"2025-07-31T19:27:00","modified_gmt":"2025-07-31T19:27:00","slug":"club","status":"publish","type":"page","link":"https:\/\/airiaprive.com\/en\/club\/","title":{"rendered":"Club"},"content":{"rendered":"<ul>\n<li>\n\t\t\t\t\t\t\t\t\t<\/li>\n<li>\n\t\t\t\t\t\t\t\t\t<\/li>\n<\/ul>\n<p>\t\t\t\tPrivate Club\t\t\t\t<\/p>\n<h2>The art of the unattainable.<\/h2>\n<p data-start=\"730\" data-end=\"899\">Air\u00eda Priv\u00e9 is more than a club: it&#039;s a way of life reserved for those who are not content with the ordinary. A place where the exceptional is the norm.<\/p>\n<p>\t\t\t\tWhat is Air\u00eda Priv\u00e9?\t\t\t\t<\/p>\n<h2>A private club, endless possibilities.<\/h2>\n<p>Air\u00eda Priv\u00e9 was born, to offer its members access to a fleet-exclusive vehicle, experiences of adventure, services, lifestyle and exclusive amenities.<br data-start=\"1322\" data-end=\"1325\" \/>Here&#039;s not about possessing, but of enjoying. With a single subscription, our partners can access what they want, when they want to.<br data-start=\"1463\" data-end=\"1466\" \/>Because the real luxury is not to accumulate, but to choose.<\/p>\n<p>\t\t\t\t\t\t\t\t<a href=\"https:\/\/airiaprive.com\/en\/contacto\/\"><br \/>\n\t\t\t\t\t\t\t\t\tContact us now<br \/>\n\t\t\t\t\t<\/a><br \/>\n\t\t\t\t\t\t\t\t\t\t\t\t\t\t\t\t\t\t\t<img fetchpriority=\"high\" decoding=\"async\" width=\"1024\" height=\"1024\" src=\"https:\/\/airiaprive.com\/wp-content\/uploads\/2025\/07\/ChatGPT-Image-17-jul-2025-11_58_14-a.m.-min.png\" alt=\"\" srcset=\"https:\/\/airiaprive.com\/wp-content\/uploads\/2025\/07\/ChatGPT-Image-17-jul-2025-11_58_14-a.m.-min.png 1024w, https:\/\/airiaprive.com\/wp-content\/uploads\/2025\/07\/ChatGPT-Image-17-jul-2025-11_58_14-a.m.-min-300x300.png 300w, https:\/\/airiaprive.com\/wp-content\/uploads\/2025\/07\/ChatGPT-Image-17-jul-2025-11_58_14-a.m.-min-150x150.png 150w, https:\/\/airiaprive.com\/wp-content\/uploads\/2025\/07\/ChatGPT-Image-17-jul-2025-11_58_14-a.m.-min-768x768.png 768w\" sizes=\"(max-width: 1024px) 100vw, 1024px\" \/>\t\t\t\t\t\t\t\t\t\t\t\t\t\t\t\t<\/p>\n<h2>The access is the true privilege.<br \/>\n<\/h2>\n<p>Be part of Air\u00eda Priv\u00e9 is not for everyone. Our membership system is designed to ensure that the experience will keep staff, neat and without over-saturation.<br \/>Each application is reviewed individually. Once inside, you will have immediate access to our digital platform to book, explore and plan your unique moments.<\/p>\n<p>\t\t\t\t\t\t\t\t<a href=\"https:\/\/airiaprive.com\/en\/contacto\/\"><br \/>\n\t\t\t\t\t\t\t\t\tApply for membership<br \/>\n\t\t\t\t\t<\/a><\/p>","protected":false},"excerpt":{"rendered":"<p>Club privado El arte de lo inalcanzable. Air\u00eda Priv\u00e9 es m\u00e1s que un club: es un estilo de vida reservado para quienes no se conforman con lo ordinario. Un lugar donde lo excepcional es la norma. \u00bfQu\u00e9 es Air\u00eda Priv\u00e9? Un club privado, infinitas posibilidades. Air\u00eda Priv\u00e9 nace para ofrecer a sus miembros acceso directo [&hellip;]<\/p>","protected":false},"author":1,"featured_media":0,"parent":0,"menu_order":0,"comment_status":"closed","ping_status":"closed","template":"","meta":{"footnotes":""},"class_list":["post-953","page","type-page","status-publish","hentry"],"_links":{"self":[{"href":"https:\/\/airiaprive.com\/en\/wp-json\/wp\/v2\/pages\/953","targetHints":{"allow":["GET"]}}],"collection":[{"href":"https:\/\/airiaprive.com\/en\/wp-json\/wp\/v2\/pages"}],"about":[{"href":"https:\/\/airiaprive.com\/en\/wp-json\/wp\/v2\/types\/page"}],"author":[{"embeddable":true,"href":"https:\/\/airiaprive.com\/en\/wp-json\/wp\/v2\/users\/1"}],"replies":[{"embeddable":true,"href":"https:\/\/airiaprive.com\/en\/wp-json\/wp\/v2\/comments?post=953"}],"version-history":[{"count":37,"href":"https:\/\/airiaprive.com\/en\/wp-json\/wp\/v2\/pages\/953\/revisions"}],"predecessor-version":[{"id":1146,"href":"https:\/\/airiaprive.com\/en\/wp-json\/wp\/v2\/pages\/953\/revisions\/1146"}],"wp:attachment":[{"href":"https:\/\/airiaprive.com\/en\/wp-json\/wp\/v2\/media?parent=953"}],"curies":[{"name":"wp","href":"https:\/\/api.w.org\/{rel}","templated":true}]}}